{"id":17,"date":"2022-06-18T13:23:40","date_gmt":"2022-06-18T13:23:40","guid":{"rendered":"https:\/\/www.protos.at\/?page_id=17"},"modified":"2026-01-14T16:58:11","modified_gmt":"2026-01-14T15:58:11","slug":"impressum","status":"publish","type":"page","link":"https:\/\/www.protos.at\/de\/impressum\/","title":{"rendered":"Impressum"},"content":{"rendered":"\n<p>Offenlegung gem\u00e4\u00df \u00a7 5 E-Commerce-Gesetz<\/p>\n\n\n\n<p><strong>F\u00fcr den Inhalt verantwortlich:<\/strong><\/p>\n\n\n\n<p><strong>PROTOS GmbH<\/strong><br>Herrschaftswiesen 11<br>6842 Koblach<br>\u00d6sterreich<\/p>\n\n\n\n<p>+43 59 50 50-200<br>office@protos.at<\/p>\n\n\n\n<p><strong>Gesch\u00e4ftsf\u00fchrung:<\/strong><br>Sebastian Metzler (CEO)<br>Johannes Plass (CFO)<\/p>\n\n\n\n<p><br>UID: ATU 66323766<br>Firmenbuchnummer: FN 357706p<br>Firmenbuchgericht: Landesgericht Feldkirch<\/p>\n\n\n\n<p>Fachgruppe der Wirtschaftskammer Vorarlberg, Sparte: Gewerbliche Dienstleister, LG Handel mit Mode und Freizeitartikel<br>Unternehmensgegenstand: Handelsgewerbe, eingeschr\u00e4nkt auf den Einzelhandel<br>Berufszweig: alle sonstigen Gewerbe- und Handwerksunternehmungen, Handel mit Kurzwaren<br>Aufsichtsbeh\u00f6rde gem\u00e4\u00df ECG: Bezirkshauptmannschaft Feldkirch<\/p>\n\n\n\n<h3 class=\"wp-block-heading\" id=\"haftung-fur-inhalte\">Haftung f\u00fcr Inhalte<\/h3>\n\n\n\n<p>Die Inhalte dieser Seiten werden mit gr\u00f6\u00dfter Sorgfalt erstellt. F\u00fcr Richtigkeit, Vollst\u00e4ndigkeit und Aktualit\u00e4t dieser Inhalte kann jedoch keine Haftung \u00fcbernommen werden.<\/p>\n\n\n\n<h3 class=\"wp-block-heading\" id=\"copyright\">Copyright<\/h3>\n\n\n\n<p>PROTOS sowie alle Markenzeichen, Produkt- und Firmenlogos der PROTOS GmbH, alle Gestaltungselemente und Bilder der Website sind urheberrechtlich gesch\u00fctzt und d\u00fcrfen nicht von Dritten verwendet werden.<\/p>\n\n\n\n<h3 class=\"wp-block-heading\" id=\"bildnachweis-copyright\">Bildnachweis &amp; Copyright<\/h3>\n\n\n\n<p>Eigene Bilder: \u00a9 PROTOS GmbH<br>Externe Bilder: Das Copyright der Produktbilder liegt beim jeweiligen Hersteller<\/p>\n\n\n\n<h3 class=\"wp-block-heading\" id=\"gestaltung-der-website\">Gestaltung der Website<\/h3>\n\n\n\n<p>zurgams Kommunikationsagentur GmbH<br>Steinebach 3<br>6850 Dornbirn<br>\u00d6sterreich<br><a href=\"https:\/\/www.zurgams.com\/\" target=\"_blank\" rel=\"noreferrer noopener\">www.zurgams.com<\/a><\/p>\n\n\n\n<h3 class=\"wp-block-heading\" id=\"umsetzung-der-website\">Umsetzung der Website<\/h3>\n\n\n\n<p>creative<strong>media<\/strong>&nbsp;AG<br>Im alten Riet 153<br>9494 Schaan<br>Liechtenstein<br><a rel=\"noreferrer noopener\" href=\"https:\/\/www.creativemedia.li\/\" target=\"_blank\">www.creativemedia.li<\/a><\/p>\n","protected":false},"excerpt":{"rendered":"<p>Offenlegung gem\u00e4\u00df \u00a7 5 E-Commerce-Gesetz F\u00fcr den Inhalt verantwortlich: PROTOS GmbHHerrschaftswiesen 116842 Koblach\u00d6sterreich +43 59 50 50-200office@protos.at Gesch\u00e4ftsf\u00fchrung:Sebastian Metzler (CEO)Johannes Plass (CFO) UID: ATU 66323766Firmenbuchnummer: FN 357706pFirmenbuchgericht: Landesgericht Feldkirch Fachgruppe der Wirtschaftskammer Vorarlberg, Sparte: Gewerbliche Dienstleister, LG Handel mit Mode und FreizeitartikelUnternehmensgegenstand: Handelsgewerbe, eingeschr\u00e4nkt auf den EinzelhandelBerufszweig: alle sonstigen Gewerbe- und Handwerksunternehmungen, Handel mit KurzwarenAufsichtsbeh\u00f6rde [&hellip;]<\/p>\n","protected":false},"author":1,"featured_media":0,"parent":0,"menu_order":0,"comment_status":"closed","ping_status":"closed","template":"","meta":{"_seopress_robots_primary_cat":"","_seopress_titles_title":"","_seopress_titles_desc":"","_seopress_robots_index":"yes","footnotes":""},"class_list":["post-17","page","type-page","status-publish","hentry"],"meta_box":[],"_links":{"self":[{"href":"https:\/\/www.protos.at\/de\/wp-json\/wp\/v2\/pages\/17","targetHints":{"allow":["GET"]}}],"collection":[{"href":"https:\/\/www.protos.at\/de\/wp-json\/wp\/v2\/pages"}],"about":[{"href":"https:\/\/www.protos.at\/de\/wp-json\/wp\/v2\/types\/page"}],"author":[{"embeddable":true,"href":"https:\/\/www.protos.at\/de\/wp-json\/wp\/v2\/users\/1"}],"replies":[{"embeddable":true,"href":"https:\/\/www.protos.at\/de\/wp-json\/wp\/v2\/comments?post=17"}],"version-history":[{"count":3,"href":"https:\/\/www.protos.at\/de\/wp-json\/wp\/v2\/pages\/17\/revisions"}],"predecessor-version":[{"id":1054,"href":"https:\/\/www.protos.at\/de\/wp-json\/wp\/v2\/pages\/17\/revisions\/1054"}],"wp:attachment":[{"href":"https:\/\/www.protos.at\/de\/wp-json\/wp\/v2\/media?parent=17"}],"curies":[{"name":"wp","href":"https:\/\/api.w.org\/{rel}","templated":true}]}}